{"id":2,"date":"2015-04-11T15:48:23","date_gmt":"2015-04-11T15:48:23","guid":{"rendered":"http:\/\/camillasblog.de\/?page_id=2"},"modified":"2019-05-16T22:24:30","modified_gmt":"2019-05-16T20:24:30","slug":"beispiel-seite","status":"publish","type":"page","link":"https:\/\/camillasblog.de\/?page_id=2","title":{"rendered":"About"},"content":{"rendered":"<p><a href=\"https:\/\/camillasblog.de\/wp-content\/uploads\/2018\/03\/DSC_2651-1.jpg\"><img loading=\"lazy\" decoding=\"async\" class=\"alignnone wp-image-686\" src=\"https:\/\/camillasblog.de\/wp-content\/uploads\/2018\/03\/DSC_2651-1-1024x740.jpg\" alt=\"\" width=\"1000\" height=\"723\" srcset=\"https:\/\/camillasblog.de\/wp-content\/uploads\/2018\/03\/DSC_2651-1-1024x740.jpg 1024w, https:\/\/camillasblog.de\/wp-content\/uploads\/2018\/03\/DSC_2651-1-300x217.jpg 300w, https:\/\/camillasblog.de\/wp-content\/uploads\/2018\/03\/DSC_2651-1-768x555.jpg 768w\" sizes=\"auto, (max-width: 1000px) 100vw, 1000px\" \/><\/a><\/p>\n<p>Liebe Leser,<\/p>\n<p>seit 2015 schreibe ich hier \u00fcber die verschiedensten Themen. Es sind ein paar Geschichten darunter, philosophische Betrachtungen und Reiseberichte. Alles was ich hier ver\u00f6ffentliche, entstammt meinem Geist. Wenn ich zitiere, gebe ich Quellen an.<\/p>\n<p>Ich habe eine Ausbildung zum systemischen Coach absolviert und bin als solcher t\u00e4tig. Allerdings ist mein Ansatz nicht rein systemisch, sondern auch konstruktivistisch und integral gepr\u00e4gt.<\/p>\n<p>Meine Leidenschaft sind Pferde. Seit ich denken kann, habe ich eine besondere Verbindung zu ihnen. Daher biete ich auch diverse Coaching\u2013Formate mit meinem langj\u00e4hrigen Begleiter Kaddy (Schimmelwallach) an.<\/p>\n<p>Seit 2018 schreibe ich vor allem \u00fcber Topics rund um Pers\u00f6nlichkeitsentwicklung. Dazu geh\u00f6ren f\u00fcr mich nicht nur fachliche Anschauungen, sondern auch Spiritualit\u00e4t und zeitgem\u00e4\u00dfe Wissenschaft.<\/p>\n<p>Bei Fragen kontaktiert mich gerne. Au\u00dferdem freue ich mich \u00fcber eure Ansichten und Meinungen in den Kommentaren.<\/p>\n<p>Viel Spa\u00df beim Lesen! \ud83d\ude42<\/p>\n<p>P.S.: Unter <em>Aktuelles<\/em> sind die neuesten Artikel ganz oben. Im <em>Archiv<\/em> findet ihr meine fr\u00fcheren Blogbeitr\u00e4ge.<\/p>\n","protected":false},"excerpt":{"rendered":"<p>Liebe Leser, seit 2015 schreibe ich hier \u00fcber die verschiedensten Themen. Es sind ein paar Geschichten darunter, philosophische Betrachtungen und Reiseberichte. Alles was ich hier ver\u00f6ffentliche, entstammt meinem Geist. Wenn ich zitiere, gebe ich Quellen an. Ich habe eine Ausbildung zum systemischen Coach absolviert und bin als solcher t\u00e4tig. Allerdings ist mein Ansatz nicht rein [&hellip;]<\/p>\n","protected":false},"author":1,"featured_media":0,"parent":0,"menu_order":0,"comment_status":"open","ping_status":"open","template":"page-aboutme.php","meta":{"footnotes":""},"class_list":["post-2","page","type-page","status-publish","hentry"],"_links":{"self":[{"href":"https:\/\/camillasblog.de\/index.php?rest_route=\/wp\/v2\/pages\/2","targetHints":{"allow":["GET"]}}],"collection":[{"href":"https:\/\/camillasblog.de\/index.php?rest_route=\/wp\/v2\/pages"}],"about":[{"href":"https:\/\/camillasblog.de\/index.php?rest_route=\/wp\/v2\/types\/page"}],"author":[{"embeddable":true,"href":"https:\/\/camillasblog.de\/index.php?rest_route=\/wp\/v2\/users\/1"}],"replies":[{"embeddable":true,"href":"https:\/\/camillasblog.de\/index.php?rest_route=%2Fwp%2Fv2%2Fcomments&post=2"}],"version-history":[{"count":21,"href":"https:\/\/camillasblog.de\/index.php?rest_route=\/wp\/v2\/pages\/2\/revisions"}],"predecessor-version":[{"id":821,"href":"https:\/\/camillasblog.de\/index.php?rest_route=\/wp\/v2\/pages\/2\/revisions\/821"}],"wp:attachment":[{"href":"https:\/\/camillasblog.de\/index.php?rest_route=%2Fwp%2Fv2%2Fmedia&parent=2"}],"curies":[{"name":"wp","href":"https:\/\/api.w.org\/{rel}","templated":true}]}}